{"id":3,"date":"2021-09-20T10:52:30","date_gmt":"2021-09-20T13:52:30","guid":{"rendered":"https:\/\/notalegal.sefin.ro.gov.br\/?page_id=3"},"modified":"2022-10-27T10:11:10","modified_gmt":"2022-10-27T14:11:10","slug":"politica-de-privacidade","status":"publish","type":"page","link":"https:\/\/notalegal.sefin.ro.gov.br\/?page_id=3","title":{"rendered":"Pol\u00edtica de privacidade"},"content":{"rendered":"\n<p>A pol\u00edtica de privacidade \u00e9 um documento que visa dar visibilidade ao tratamento de dados pessoais em nossos servi\u00e7os atendendo aos princ\u00edpios da Lei Geral de Prote\u00e7\u00e3o de Dados Pessoais (<a rel=\"noreferrer noopener\" href=\"http:\/\/www.planalto.gov.br\/ccivil_03\/_Ato2015-2018\/2018\/Lei\/L13709.htm\" target=\"_blank\">LGPD<\/a>).<\/p>\n\n\n\n<p>Este documento \u00e9 endere\u00e7ado aos usu\u00e1rios do aplicativo do programa nota legal rondoniense e ao seu site (https:\/\/notalegal.sefin.ro.gov.br ). Ambos os servi\u00e7os s\u00e3o de responsabilidade da Secretaria de Estado e Finan\u00e7as de Rond\u00f4nia &#8211; SEFIN\/RO ao qual voc\u00ea pode entrar em contato com sua \u00e1rea de tecnologia, respons\u00e1vel pelos servi\u00e7os acima, em caso de d\u00favidas quanto esta pol\u00edtica, pelo e-mail getic@sefin.ro.gov.br. <\/p>\n\n\n\n<p>Abaixo est\u00e3o apresentadas as principais informa\u00e7\u00f5es que voc\u00ea precisa saber sobre como n\u00f3s cuidamos e usamos dos seus dados.<\/p>\n\n\n\n<h3>Aplicativo Nota Legal Rondoniense<\/h3>\n\n\n\n<p>Nosso aplicativo est\u00e1 dispon\u00edvel para instala\u00e7\u00e3o apenas nas lojas google play e apple store. N\u00f3s coletamos apenas os dados pessoais do cadastro inicial no programa que s\u00e3o: CPF, Nome Completo, Telefone, e-mail, Data de Nascimento e para os ganhadores de pr\u00eamios que solicitam pagamento, os Dados Banc\u00e1rios.<\/p>\n\n\n\n<h3>Site Nota Legal<\/h3>\n\n\n\n<p>Nosso site funciona como uma p\u00e1gina est\u00e1tica com informa\u00e7\u00f5es sobre o programa e n\u00e3o coleta nenhuma informa\u00e7\u00e3o pessoal do usu\u00e1rio, dessa forma n\u00e3o usamos cookies.<\/p>\n\n\n\n<h3>Com quem compartilhamos seus dados<\/h3>\n\n\n\n<p>N\u00e3o compartilhamos seus dados com terceiros ou outros \u00f3rg\u00e3os p\u00fablicos. Ressalvados os casos legais para fins de fiscaliza\u00e7\u00e3o e transpar\u00eancia do uso de recursos p\u00fablicos. Como o caso da divulga\u00e7\u00e3o dos nomes dos vencedores dos pr\u00eamios do programa.<\/p>\n\n\n\n<h3>Por quanto tempo mantemos os seus dados<\/h3>\n\n\n\n<p>Quando voc\u00ea se cadastra no programa nota legal rondoniense voc\u00ea concorda com as regras do programa que constam na Lei n\u00b0 4.883\/2020, Decreto n\u00ba 26.273\/2021 e Resolu\u00e7\u00e3o n\u00b0 001\/2021. Seus dados s\u00e3o armazenados no ambiente da SEFIN\/RO que conta com rigoroso processo de seguran\u00e7a da informa\u00e7\u00e3o. Seus dados ficam armazenados por tempo indeterminado e n\u00e3o s\u00e3o apagados quando voc\u00ea solicita o descredenciamento do programa, pois para fins de fiscaliza\u00e7\u00e3o pelos \u00f3rg\u00e3os de controle dos recursos p\u00fablicos empregados \u00e9 necess\u00e1rio a correta identifica\u00e7\u00e3o dos usu\u00e1rios que participam ou participaram do programa.<\/p>\n\n\n\n<h3>Quais os seus direitos sobre seus dados<\/h3>\n\n\n\n<p>Os \u00fanicos dados pessoais que coletamos s\u00e3o os informados por voc\u00ea no cadastro inicial do programa e os dados banc\u00e1rios necess\u00e1rios para pagamento dos pr\u00eamios, voc\u00ea pode ver ou edit\u00e1-los a qualquer momento (s\u00f3 n\u00e3o \u00e9 poss\u00edvel alterar o seu CPF). Os administradores do programa tamb\u00e9m podem ver e editar estas informa\u00e7\u00f5es.<\/p>\n","protected":false},"excerpt":{"rendered":"<p>A pol\u00edtica de privacidade \u00e9 um documento que visa dar visibilidade ao tratamento de dados pessoais em nossos servi\u00e7os atendendo aos princ\u00edpios da Lei Geral de Prote\u00e7\u00e3o de Dados Pessoais (LGPD). Este documento \u00e9 endere\u00e7ado aos usu\u00e1rios do aplicativo do programa nota legal rondoniense e ao seu site (https:\/\/notalegal.sefin.ro.gov.br ). Ambos os servi\u00e7os s\u00e3o de&hellip;&nbsp;<a href=\"https:\/\/notalegal.sefin.ro.gov.br\/?page_id=3\" class=\"\" rel=\"bookmark\">Continue a ler &raquo;<span class=\"screen-reader-text\">Pol\u00edtica de privacidade<\/span><\/a><\/p>\n","protected":false},"author":3,"featured_media":0,"parent":0,"menu_order":0,"comment_status":"closed","ping_status":"open","template":"","meta":{"neve_meta_sidebar":"","neve_meta_container":"","neve_meta_enable_content_width":"","neve_meta_content_width":0,"neve_meta_title_alignment":"","neve_meta_author_avatar":"","neve_post_elements_order":"","neve_meta_disable_header":"","neve_meta_disable_footer":"","neve_meta_disable_title":""},"_links":{"self":[{"href":"https:\/\/notalegal.sefin.ro.gov.br\/index.php?rest_route=\/wp\/v2\/pages\/3"}],"collection":[{"href":"https:\/\/notalegal.sefin.ro.gov.br\/index.php?rest_route=\/wp\/v2\/pages"}],"about":[{"href":"https:\/\/notalegal.sefin.ro.gov.br\/index.php?rest_route=\/wp\/v2\/types\/page"}],"author":[{"embeddable":true,"href":"https:\/\/notalegal.sefin.ro.gov.br\/index.php?rest_route=\/wp\/v2\/users\/3"}],"replies":[{"embeddable":true,"href":"https:\/\/notalegal.sefin.ro.gov.br\/index.php?rest_route=%2Fwp%2Fv2%2Fcomments&post=3"}],"version-history":[{"count":3,"href":"https:\/\/notalegal.sefin.ro.gov.br\/index.php?rest_route=\/wp\/v2\/pages\/3\/revisions"}],"predecessor-version":[{"id":497,"href":"https:\/\/notalegal.sefin.ro.gov.br\/index.php?rest_route=\/wp\/v2\/pages\/3\/revisions\/497"}],"wp:attachment":[{"href":"https:\/\/notalegal.sefin.ro.gov.br\/index.php?rest_route=%2Fwp%2Fv2%2Fmedia&parent=3"}],"curies":[{"name":"wp","href":"https:\/\/api.w.org\/{rel}","templated":true}]}}