{"id":22,"date":"2021-09-20T10:57:16","date_gmt":"2021-09-20T13:57:16","guid":{"rendered":"https:\/\/notalegal.sefin.ro.gov.br\/?page_id=22"},"modified":"2026-04-08T11:19:19","modified_gmt":"2026-04-08T15:19:19","slug":"home","status":"publish","type":"page","link":"https:\/\/notalegal.sefin.ro.gov.br\/","title":{"rendered":"Home"},"content":{"rendered":"\n<div class=\"wp-block-cover alignfull has-neve-link-color-background-color has-custom-content-position is-position-top-center\" style=\"min-height:700px\"><img loading=\"lazy\" width=\"1366\" height=\"768\" class=\"wp-block-cover__image-background wp-image-133\" alt=\"\" src=\"https:\/\/notalegal.sefin.ro.gov.br\/wp-content\/uploads\/2021\/09\/fundo-pro-site-1.jpg\" style=\"object-position:50% 64%\" data-object-fit=\"cover\" data-object-position=\"50% 64%\" srcset=\"https:\/\/notalegal.sefin.ro.gov.br\/wp-content\/uploads\/2021\/09\/fundo-pro-site-1.jpg 1366w, https:\/\/notalegal.sefin.ro.gov.br\/wp-content\/uploads\/2021\/09\/fundo-pro-site-1-300x169.jpg 300w, https:\/\/notalegal.sefin.ro.gov.br\/wp-content\/uploads\/2021\/09\/fundo-pro-site-1-1024x576.jpg 1024w, https:\/\/notalegal.sefin.ro.gov.br\/wp-content\/uploads\/2021\/09\/fundo-pro-site-1-768x432.jpg 768w\" sizes=\"(max-width: 1366px) 100vw, 1366px\" \/><div class=\"wp-block-cover__inner-container\">\n<div class=\"wp-block-image is-style-default\"><figure class=\"aligncenter size-large is-resized\"><img loading=\"lazy\" src=\"https:\/\/notalegal.sefin.ro.gov.br\/wp-content\/uploads\/2026\/01\/logo-nlprincipal-1024x378.png\" alt=\"\" class=\"wp-image-534\" width=\"512\" height=\"189\" srcset=\"https:\/\/notalegal.sefin.ro.gov.br\/wp-content\/uploads\/2026\/01\/logo-nlprincipal-1024x378.png 1024w, https:\/\/notalegal.sefin.ro.gov.br\/wp-content\/uploads\/2026\/01\/logo-nlprincipal-300x111.png 300w, https:\/\/notalegal.sefin.ro.gov.br\/wp-content\/uploads\/2026\/01\/logo-nlprincipal-768x284.png 768w, https:\/\/notalegal.sefin.ro.gov.br\/wp-content\/uploads\/2026\/01\/logo-nlprincipal.png 1451w\" sizes=\"(max-width: 512px) 100vw, 512px\" \/><\/figure><\/div>\n\n\n\n<h1 class=\"has-text-align-center home-site-texto-principal has-neve-link-color-color has-text-color\">Agora o Nota Legal est\u00e1 no <br>SEFIN APP <br>Baixe agora<\/h1>\n\n\n\n<p class=\"has-text-align-center home-site-texto-secundario has-neve-link-hover-color-color has-text-color\"><strong>Concorra a pr\u00eamios instant\u00e2neos, al\u00e9m de poder fazer doa\u00e7\u00f5es dos<\/strong><br><strong>cupons<\/strong> <strong>\u00e0 entidades sociais que participam do nota legal<\/strong><\/p>\n\n\n\n<div class=\"wp-block-buttons is-content-justification-center\">\n<div class=\"wp-block-button is-style-secondary\"><a class=\"wp-block-button__link\" href=\"#download-notalegal\" style=\"border-radius:15px\">Baixar SEFIN APP<\/a><\/div>\n\n\n\n<div class=\"wp-block-button is-style-primary\"><a class=\"wp-block-button__link has-neve-link-color-color has-nv-text-dark-bg-background-color has-text-color has-background\" href=\"#saber-mais\" style=\"border-radius:15px\">Saber mais<\/a><\/div>\n<\/div>\n<\/div><\/div>\n\n\n\n<div class=\"wp-block-cover alignfull has-nv-text-dark-bg-background-color has-background-dim\" id=\"saber-mais\"><div class=\"wp-block-cover__inner-container\">\n<div style=\"height:120px\" aria-hidden=\"true\" class=\"wp-block-spacer\"><\/div>\n\n\n\n<div class=\"wp-block-columns\">\n<div class=\"wp-block-column\">\n<h3 class=\"has-text-align-center has-neve-link-color-color has-text-color\">O que \u00e9 o programa NLR?<\/h3>\n\n\n\n<p class=\"has-text-align-center has-neve-link-hover-color-color has-text-color\">O Programa Nota Legal Rondoniense \u00e9 um programa que d\u00e1 cr\u00e9ditos em dinheiro \u00e0s Entidades Sociais cadastradas junto ao Governo do Estado de Rond\u00f4nia atrav\u00e9s dos cupons fiscais pedidos por consumidores e disponibilizados atrav\u00e9s do sistema de \u201cQR Code\u201d para a entidade que o contribuinte tiver afinidade ou quiser simplesmente ajudar.<\/p>\n\n\n\n<div style=\"height:20px\" aria-hidden=\"true\" class=\"wp-block-spacer\"><\/div>\n<\/div>\n\n\n\n<div class=\"wp-block-column\">\n<h3 class=\"has-text-align-center has-neve-link-color-color has-text-color\"><strong>Como funciona para o cidad\u00e3o?<\/strong><\/h3>\n\n\n\n<p class=\"has-text-align-center has-neve-link-hover-color-color has-text-color\">Ao efetuar qualquer compra de R$ 10 ou mais, o consumidor, utilizando o aplicativo Nota Legal Rondoniense, poder\u00e1 realizar a leitura dos \u201cQR Codes\u201d dos cupons fiscais para concorrer a pr\u00eamios instant\u00e2neos, que variam de R$ 50 a R$ 500. Caso seja contemplado, ele solicitar\u00e1 o cr\u00e9dito em sua conta corrente.<\/p>\n\n\n\n<div style=\"height:20px\" aria-hidden=\"true\" class=\"wp-block-spacer\"><\/div>\n<\/div>\n\n\n\n<div class=\"wp-block-column\">\n<h3 class=\"has-text-align-center has-neve-link-color-color has-text-color\"><strong>Como doar \u00e0s Entidades Sociais?<\/strong><\/h3>\n\n\n\n<p class=\"has-text-align-center has-neve-link-hover-color-color has-text-color\">Assim que fizer a leitura do&nbsp;\u201cQR<em> <\/em>Code\u201d, antes mesmo de ir para a tela da \u201craspadinha legal\u201d, o cidad\u00e3o ser\u00e1 direcionado a uma tela onde escolher\u00e1 uma das Entidades Sociais cadastradas no programa, para receber a doa\u00e7\u00e3o de R$ 0,25.<\/p>\n\n\n\n<div style=\"height:20px\" aria-hidden=\"true\" class=\"wp-block-spacer\"><\/div>\n<\/div>\n<\/div>\n\n\n\n<div style=\"height:60px\" aria-hidden=\"true\" class=\"wp-block-spacer\"><\/div>\n\n\n\n<div class=\"wp-block-buttons is-content-justification-center\">\n<div class=\"wp-block-button is-style-secondary\"><a class=\"wp-block-button__link\" href=\"#formas-participacao\" style=\"border-radius:15px\">Formas de participa\u00e7\u00e3o<\/a><\/div>\n<\/div>\n\n\n\n<div style=\"height:100px\" aria-hidden=\"true\" class=\"wp-block-spacer\"><\/div>\n<\/div><\/div>\n\n\n\n<div class=\"wp-block-cover alignfull has-nv-light-bg-background-color has-background-dim\" style=\"min-height:600px\" id=\"formas-participacao\"><div class=\"wp-block-cover__inner-container\">\n<div class=\"wp-block-group\"><div class=\"wp-block-group__inner-container\">\n<div style=\"height:120px\" aria-hidden=\"true\" class=\"wp-block-spacer\"><\/div>\n\n\n\n<h2 class=\"has-neve-link-color-color has-text-color\">Formas de participa\u00e7\u00e3o<\/h2>\n\n\n\n<div class=\"wp-block-group\"><div class=\"wp-block-group__inner-container\">\n<h3 class=\"has-neve-link-color-color has-text-color\">Consumidor Final<\/h3>\n\n\n\n<p class=\"text-consumidor-final has-neve-link-hover-color-color has-text-color\">O consumidor final participar\u00e1 do programa Nota Legal Rondoniense de 2 formas:<\/p>\n\n\n\n<ul class=\"text-consumidor-final has-neve-link-hover-color-color has-text-color\"><li>Concorrendo a pr\u00eamios instant\u00e2neos(raspadinhas legal), por meio da leitura dos QR Codes constantes nos cupons fiscais; e<\/li><li>Concorrendo aos sorteios trimestrais, com bilhetes acumulados a cada R$ 50,00 em compras, no momento em que o consumidor escolhe colocar o CPF no cupom fiscal. Ou seja, para concorrer aos pr\u00eamios nos sorteios trimestrais, tem que colocar o CPF na nota.<\/li><\/ul>\n\n\n\n<p class=\"text-consumidor-final has-neve-link-hover-color-color has-text-color\">\u2013 Os valores dos pr\u00eamios instant\u00e2neos variam de R$ 50,00 a R$ 500,00.<br>\u2013 Os valores dos pr\u00eamios distribu\u00eddos nos sorteios trimestrais ser\u00e3o de R$ 5.000, R$ 10.000, R$ 15.000 e R$ 20.000<\/p>\n\n\n\n<div class=\"wp-block-buttons\">\n<div class=\"wp-block-button is-style-secondary btn-center\"><a class=\"wp-block-button__link\" href=\"#download-notalegal\" style=\"border-radius:15px\">Baixar SEFIN APP<\/a><\/div>\n<\/div>\n\n\n\n<div style=\"height:40px\" aria-hidden=\"true\" class=\"wp-block-spacer\"><\/div>\n\n\n\n<hr class=\"wp-block-separator has-text-color has-background is-style-dots\" style=\"background-color:#d8d8d8;color:#d8d8d8\"\/>\n\n\n\n<div style=\"height:20px\" aria-hidden=\"true\" class=\"wp-block-spacer\"><\/div>\n\n\n\n<h3 class=\"has-neve-link-color-color has-text-color\">Entidade Social<\/h3>\n\n\n\n<p class=\"has-neve-link-hover-color-color has-text-color\">A participa\u00e7\u00e3o das entidades sociais no programa se restringe a receber as doa\u00e7\u00f5es dos consumidores finais, que far\u00e3o as doa\u00e7\u00f5es por meio da leitura dos&nbsp;<em>QR Codes<\/em>&nbsp;constantes dos cupons fiscais.<\/p>\n\n\n\n<p class=\"has-neve-link-hover-color-color has-text-color\">A cada compra realizada, contanto que essa compra seja de R$ 10,00 ou mais, o consumidor final poder\u00e1 escolher uma entidade para receber o valor de at\u00e9 R$ 0,25 (vinte e cinco centavos) por Nota.<\/p>\n\n\n\n<p class=\"has-neve-link-hover-color-color has-text-color\">Para se cadastrar no Programa, a entidade social deve ler com aten\u00e7\u00e3o a Resolu\u00e7\u00e3o n\u00ba 001\/2021\/SEFIN-GEFE, que disciplina a forma e as condi\u00e7\u00f5es para o cadastramento, a perman\u00eancia, a suspens\u00e3o, a exclus\u00e3o, a utiliza\u00e7\u00e3o dos recursos e a presta\u00e7\u00e3o de contas das entidades sociais no programa.<\/p>\n\n\n\n<p class=\"has-neve-link-hover-color-color has-text-color\">Principalmente os Art. 6\u00ba e 7\u00ba, que trata da documenta\u00e7\u00e3o necess\u00e1ria ao cadastramento.<\/p>\n\n\n\n<div class=\"wp-block-buttons\">\n<div class=\"wp-block-button is-style-secondary btn-center\"><a class=\"wp-block-button__link\" href=\"#entidades-sociais\" style=\"border-radius:15px\">Para Entidades Sociais<\/a><\/div>\n<\/div>\n<\/div><\/div>\n\n\n\n<div style=\"height:100px\" aria-hidden=\"true\" class=\"wp-block-spacer\"><\/div>\n<\/div><\/div>\n\n\n\n<p><\/p>\n<\/div><\/div>\n\n\n\n<div class=\"wp-block-cover alignfull has-nv-text-dark-bg-background-color has-background-dim\" style=\"min-height:600px\" id=\"download-notalegal\"><div class=\"wp-block-cover__inner-container\">\n<div class=\"wp-block-group\"><div class=\"wp-block-group__inner-container\">\n<div style=\"height:120px\" aria-hidden=\"true\" class=\"wp-block-spacer\"><\/div>\n\n\n\n<div class=\"wp-block-columns are-vertically-aligned-center\">\n<div class=\"wp-block-column is-vertically-aligned-center\" style=\"flex-basis:50%\">\n<div style=\"height:40px\" aria-hidden=\"true\" class=\"wp-block-spacer\"><\/div>\n\n\n\n<h2 class=\"has-text-align-right baixe-o-aplicativo has-neve-link-color-color has-text-color\">Baixe o Aplicativo<\/h2>\n\n\n\n<p class=\"has-text-align-right baixe-o-aplicativo has-neve-link-hover-color-color has-text-color\" style=\"font-size:17px\">Baixe o aplicativo e fa\u00e7a seu cadastro para participar do programa. Com o aplicativo instalado no seu celular, voc\u00ea poder\u00e1 realizar a leitura do QR Code constante do cupom fiscal e concorrer aos pr\u00eamios instant\u00e2neos <\/p>\n\n\n\n<div class=\"wp-block-buttons is-content-justification-right\"><\/div>\n\n\n\n<div class=\"wp-block-columns\">\n<div class=\"wp-block-column\">\n<figure class=\"wp-block-image size-full is-style-default\"><a href=\"https:\/\/apps.apple.com\/br\/app\/sefin-app\/id6723899800\"><img loading=\"lazy\" width=\"1024\" height=\"303\" src=\"https:\/\/notalegal.sefin.ro.gov.br\/wp-content\/uploads\/2021\/09\/apple-store.png\" alt=\"\" class=\"wp-image-408\" srcset=\"https:\/\/notalegal.sefin.ro.gov.br\/wp-content\/uploads\/2021\/09\/apple-store.png 1024w, https:\/\/notalegal.sefin.ro.gov.br\/wp-content\/uploads\/2021\/09\/apple-store-300x89.png 300w, https:\/\/notalegal.sefin.ro.gov.br\/wp-content\/uploads\/2021\/09\/apple-store-768x227.png 768w\" sizes=\"(max-width: 1024px) 100vw, 1024px\" \/><\/a><\/figure>\n<\/div>\n\n\n\n<div class=\"wp-block-column\">\n<figure class=\"wp-block-image size-full is-style-default\"><a href=\"https:\/\/play.google.com\/store\/search?q=sefin+app&amp;c=apps\" target=\"_blank\" rel=\"noopener\"><img loading=\"lazy\" width=\"571\" height=\"174\" src=\"https:\/\/notalegal.sefin.ro.gov.br\/wp-content\/uploads\/2021\/09\/google-play.png\" alt=\"\" class=\"wp-image-407\" srcset=\"https:\/\/notalegal.sefin.ro.gov.br\/wp-content\/uploads\/2021\/09\/google-play.png 571w, https:\/\/notalegal.sefin.ro.gov.br\/wp-content\/uploads\/2021\/09\/google-play-300x91.png 300w\" sizes=\"(max-width: 571px) 100vw, 571px\" \/><\/a><\/figure>\n<\/div>\n<\/div>\n<\/div>\n\n\n\n<div class=\"wp-block-column is-vertically-aligned-center\" style=\"flex-basis:50%\">\n<div class=\"wp-block-image\"><figure class=\"aligncenter size-large is-resized\"><img loading=\"lazy\" src=\"https:\/\/notalegal.sefin.ro.gov.br\/wp-content\/uploads\/2026\/01\/sefinapp-484x1024.webp\" alt=\"\" class=\"wp-image-552\" width=\"363\" height=\"768\" srcset=\"https:\/\/notalegal.sefin.ro.gov.br\/wp-content\/uploads\/2026\/01\/sefinapp-484x1024.webp 484w, https:\/\/notalegal.sefin.ro.gov.br\/wp-content\/uploads\/2026\/01\/sefinapp-142x300.webp 142w, https:\/\/notalegal.sefin.ro.gov.br\/wp-content\/uploads\/2026\/01\/sefinapp.webp 680w\" sizes=\"(max-width: 363px) 100vw, 363px\" \/><\/figure><\/div>\n<\/div>\n<\/div>\n\n\n\n<div style=\"height:100px\" aria-hidden=\"true\" class=\"wp-block-spacer\"><\/div>\n<\/div><\/div>\n<\/div><\/div>\n\n\n\n<div class=\"wp-block-cover alignfull has-nv-light-bg-background-color has-background-dim\" style=\"min-height:420px\"><div class=\"wp-block-cover__inner-container\">\n<div style=\"height:120px\" aria-hidden=\"true\" class=\"wp-block-spacer\"><\/div>\n\n\n\n<h2 class=\"has-text-align-center has-neve-link-color-color has-text-color\">Legisla\u00e7\u00e3o<\/h2>\n\n\n\n<div style=\"height:20px\" aria-hidden=\"true\" class=\"wp-block-spacer\"><\/div>\n\n\n\n<div class=\"wp-block-columns\">\n<div class=\"wp-block-column\">\n<p class=\"has-text-align-center has-neve-link-hover-color-color has-text-color has-medium-font-size\">Lei n\u00b0 4883\/2020<\/p>\n\n\n\n<div class=\"wp-block-buttons is-content-justification-center\">\n<div class=\"wp-block-button is-style-primary\"><a class=\"wp-block-button__link has-nv-light-bg-color has-neve-link-color-background-color has-text-color has-background\" href=\"https:\/\/s3.sefin.ro.gov.br\/nota-legal-site\/documentos\/Lei%20n%C2%BA%204883%20de%2003%20de%20novembro%20de%202020.pdf\" style=\"border-radius:15px\" target=\"_blank\" rel=\"noreferrer noopener\">Baixar .pdf<\/a><\/div>\n<\/div>\n\n\n\n<div style=\"height:30px\" aria-hidden=\"true\" class=\"wp-block-spacer\"><\/div>\n<\/div>\n\n\n\n<div class=\"wp-block-column is-vertically-aligned-center\">\n<p class=\"has-text-align-center has-neve-link-hover-color-color has-text-color has-medium-font-size\">Decreto n\u00ba 26.273\/2021 <\/p>\n\n\n\n<div class=\"wp-block-buttons is-content-justification-center\">\n<div class=\"wp-block-button is-style-secondary\"><a class=\"wp-block-button__link has-nv-light-bg-color has-neve-link-color-background-color has-text-color has-background\" href=\"https:\/\/s3.sefin.ro.gov.br\/nota-legal-site\/documentos\/Decreto%20n%C2%BA%2026273.pdf\" style=\"border-radius:15px\" target=\"_blank\" rel=\"noreferrer noopener\">Baixar .pdf<\/a><\/div>\n<\/div>\n\n\n\n<div style=\"height:30px\" aria-hidden=\"true\" class=\"wp-block-spacer\"><\/div>\n<\/div>\n\n\n\n<div class=\"wp-block-column\">\n<p class=\"has-text-align-center has-neve-link-hover-color-color has-text-color has-medium-font-size\">Resolu\u00e7\u00e3o n\u00b0 001\/2021<\/p>\n\n\n\n<div class=\"wp-block-buttons is-content-justification-center\">\n<div class=\"wp-block-button has-custom-font-size is-style-secondary has-normal-font-size\"><a class=\"wp-block-button__link has-nv-light-bg-color has-neve-link-color-background-color has-text-color has-background\" href=\"https:\/\/s3.sefin.ro.gov.br\/nota-legal-site\/documentos\/Resolu%C3%A7%C3%A3o%20001-2021-SEFIN-GEFE.pdf\" style=\"border-radius:15px\" target=\"_blank\" rel=\"noreferrer noopener\">Baixar .pdf<\/a><\/div>\n<\/div>\n\n\n\n<div style=\"height:30px\" aria-hidden=\"true\" class=\"wp-block-spacer\"><\/div>\n<\/div>\n<\/div>\n\n\n\n<div style=\"height:120px\" aria-hidden=\"true\" class=\"wp-block-spacer\"><\/div>\n<\/div><\/div>\n\n\n\n<div class=\"wp-block-cover alignfull has-nv-site-bg-background-color has-background-dim\" style=\"min-height:677px\"><div class=\"wp-block-cover__inner-container\">\n<div style=\"height:120px\" aria-hidden=\"true\" class=\"wp-block-spacer\"><\/div>\n\n\n\n<h2 class=\"has-text-align-center has-neve-link-color-color has-text-color\">Mais informa\u00e7\u00f5es<\/h2>\n\n\n\n<p class=\"has-text-align-center has-neve-link-hover-color-color has-text-color has-medium-font-size\">Para esclarecimento de d\u00favidas, envio de sugest\u00f5es ou registro de reclama\u00e7\u00f5es, utilize a <strong><a rel=\"noreferrer noopener\" href=\"https:\/\/agenciavirtual.sefin.ro.gov.br\/\" target=\"_blank\">Ag\u00eancia Virtual da SEFIN\/RO<\/a><\/strong>, onde est\u00e3o dispon\u00edveis os servi\u00e7os digitais e canais oficiais de solicita\u00e7\u00e3o.<\/p>\n\n\n\n<p class=\"has-text-align-center has-neve-link-hover-color-color has-text-color has-medium-font-size\"> As demandas relacionadas ao <strong>Programa Nota Legal Rondoniense<\/strong> devem ser registradas por meio do <strong>Servi\u00e7o de Atendimento ao Cidad\u00e3o (<a href=\"https:\/\/agenciavirtual.sefin.ro.gov.br\/catalogo-servicos+servico-de-atendimento-ao-cidadao+66d7a519545f105fdfc29d81\" target=\"_blank\" rel=\"noreferrer noopener\">SAC<\/a>)<\/strong>.<\/p>\n\n\n\n<p class=\"has-text-align-center has-neve-link-hover-color-color has-text-color has-medium-font-size\">No momento do registro do atendimento, selecione: <\/p>\n\n\n\n<p class=\"has-text-align-center has-neve-link-hover-color-color has-text-color has-medium-font-size\"><strong>Tem\u00e1tica:<\/strong> Programa Nota Legal Rondoniense<br><strong>Categoria:<\/strong> Nota Legal&nbsp;<\/p>\n\n\n\n<p class=\"has-text-align-center has-neve-link-hover-color-color has-text-color has-medium-font-size\"><br><\/p>\n\n\n\n<div style=\"height:20px\" aria-hidden=\"true\" class=\"wp-block-spacer\"><\/div>\n\n\n\n<div class=\"wp-block-image is-style-default\"><figure class=\"aligncenter size-large is-resized\"><img loading=\"lazy\" src=\"https:\/\/notalegal.sefin.ro.gov.br\/wp-content\/uploads\/2026\/01\/logo-nlprincipal-1-1024x378.png\" alt=\"\" class=\"wp-image-548\" width=\"512\" height=\"189\" srcset=\"https:\/\/notalegal.sefin.ro.gov.br\/wp-content\/uploads\/2026\/01\/logo-nlprincipal-1-1024x378.png 1024w, https:\/\/notalegal.sefin.ro.gov.br\/wp-content\/uploads\/2026\/01\/logo-nlprincipal-1-300x111.png 300w, https:\/\/notalegal.sefin.ro.gov.br\/wp-content\/uploads\/2026\/01\/logo-nlprincipal-1-768x284.png 768w, https:\/\/notalegal.sefin.ro.gov.br\/wp-content\/uploads\/2026\/01\/logo-nlprincipal-1.png 1451w\" sizes=\"(max-width: 512px) 100vw, 512px\" \/><\/figure><\/div>\n\n\n\n<div style=\"height:20px\" aria-hidden=\"true\" class=\"wp-block-spacer\"><\/div>\n\n\n\n<p><\/p>\n<\/div><\/div>\n\n\n\n<div class=\"wp-block-cover alignfull has-nv-light-bg-background-color has-background-dim\" id=\"entidades-sociais\"><div class=\"wp-block-cover__inner-container\">\n<div style=\"height:120px\" aria-hidden=\"true\" class=\"wp-block-spacer\"><\/div>\n\n\n\n<h2 class=\"has-text-align-center has-neve-link-color-color has-text-color\">Entidades Sociais<\/h2>\n\n\n\n<p class=\"has-text-align-center has-neve-link-hover-color-color has-text-color\">Acesse o formul\u00e1rio de cadastro atrav\u00e9s do link abaixo<\/p>\n\n\n\n<div class=\"wp-block-buttons is-content-justification-center\">\n<div class=\"wp-block-button is-style-secondary\"><a class=\"wp-block-button__link\" href=\"https:\/\/entidades.notalegal.sefin.ro.gov.br\/\" style=\"border-radius:15px\">Cadastrar Entidade Social<\/a><\/div>\n<\/div>\n\n\n\n<div style=\"height:100px\" aria-hidden=\"true\" class=\"wp-block-spacer\"><\/div>\n\n\n\n<p><\/p>\n<\/div><\/div>\n","protected":false},"excerpt":{"rendered":"","protected":false},"author":3,"featured_media":0,"parent":0,"menu_order":0,"comment_status":"closed","ping_status":"closed","template":"","meta":{"neve_meta_sidebar":"","neve_meta_container":"","neve_meta_enable_content_width":"on","neve_meta_content_width":100,"neve_meta_title_alignment":"","neve_meta_author_avatar":"","neve_post_elements_order":"","neve_meta_disable_header":"","neve_meta_disable_footer":"","neve_meta_disable_title":"on"},"_links":{"self":[{"href":"https:\/\/notalegal.sefin.ro.gov.br\/index.php?rest_route=\/wp\/v2\/pages\/22"}],"collection":[{"href":"https:\/\/notalegal.sefin.ro.gov.br\/index.php?rest_route=\/wp\/v2\/pages"}],"about":[{"href":"https:\/\/notalegal.sefin.ro.gov.br\/index.php?rest_route=\/wp\/v2\/types\/page"}],"author":[{"embeddable":true,"href":"https:\/\/notalegal.sefin.ro.gov.br\/index.php?rest_route=\/wp\/v2\/users\/3"}],"replies":[{"embeddable":true,"href":"https:\/\/notalegal.sefin.ro.gov.br\/index.php?rest_route=%2Fwp%2Fv2%2Fcomments&post=22"}],"version-history":[{"count":208,"href":"https:\/\/notalegal.sefin.ro.gov.br\/index.php?rest_route=\/wp\/v2\/pages\/22\/revisions"}],"predecessor-version":[{"id":576,"href":"https:\/\/notalegal.sefin.ro.gov.br\/index.php?rest_route=\/wp\/v2\/pages\/22\/revisions\/576"}],"wp:attachment":[{"href":"https:\/\/notalegal.sefin.ro.gov.br\/index.php?rest_route=%2Fwp%2Fv2%2Fmedia&parent=22"}],"curies":[{"name":"wp","href":"https:\/\/api.w.org\/{rel}","templated":true}]}}